{"id":83,"date":"2024-02-04T17:02:02","date_gmt":"2024-02-04T17:02:02","guid":{"rendered":"http:\/\/wp.von-den-ohrewiesen.de\/?page_id=83"},"modified":"2024-02-08T21:59:22","modified_gmt":"2024-02-08T21:59:22","slug":"meine-zucht","status":"publish","type":"page","link":"https:\/\/www.von-den-ohrewiesen.de\/?page_id=83","title":{"rendered":"Meine Zucht"},"content":{"rendered":"\n<hr class=\"wp-block-separator has-alpha-channel-opacity\"\/>\n\n\n\n<div class=\"wp-block-media-text is-stacked-on-mobile\"><figure class=\"wp-block-media-text__media\"><img loading=\"lazy\" decoding=\"async\" width=\"340\" height=\"228\" src=\"http:\/\/www.von-den-ohrewiesen.de\/wp-content\/uploads\/2024\/02\/Medusa-LV.jpg\" alt=\"\" class=\"wp-image-86 size-full\" srcset=\"https:\/\/www.von-den-ohrewiesen.de\/wp-content\/uploads\/2024\/02\/Medusa-LV.jpg 340w, https:\/\/www.von-den-ohrewiesen.de\/wp-content\/uploads\/2024\/02\/Medusa-LV-300x201.jpg 300w, https:\/\/www.von-den-ohrewiesen.de\/wp-content\/uploads\/2024\/02\/Medusa-LV-272x182.jpg 272w\" sizes=\"auto, (max-width: 340px) 100vw, 340px\" \/><\/figure><div class=\"wp-block-media-text__content\">\n<p>Ihr m\u00f6chtet doch nicht &#8220; Die Katze im Sack kaufen&#8220; \ud83e\udd14 Hier m\u00f6chte ich Euch meine Cattery vorstellen. So k\u00f6nnt Ihr Euch selbst ein Bild von meinen Katzen und Deren Unterbringung machen. Ich m\u00f6chte Euch unsere Kater, die Katzen und unsere Zukunft, die Youngster&#8217;s vorstellen. Hier geht es zum <a href=\"http:\/\/www.von-den-ohrewiesen.de\/?p=116\" target=\"_blank\" rel=\"noreferrer noopener\">Rasseportrait der NF<\/a><a href=\"http:\/\/www.von-den-ohrewiesen.de\/?p=116\">O<\/a><\/p>\n<\/div><\/div>\n\n\n\n<div class=\"wp-block-media-text has-media-on-the-right is-stacked-on-mobile\" style=\"grid-template-columns:auto 54%\"><div class=\"wp-block-media-text__content\">\n<p><a href=\"https:\/\/www.von-den-ohrewiesen.de\/?cat=2\">Katzen<\/a><\/p>\n\n\n\n<p>Ein kleiner Klick auf das Bild und Ihr gelangt zu unseren &#8222;Sch\u00f6nheiten&#8220;. Sie leben mit uns zusammen in Haus und haben Zugang zur Terrassse und einen gro\u00dfen Aussengehege<\/p>\n<\/div><figure class=\"wp-block-media-text__media\"><img loading=\"lazy\" decoding=\"async\" width=\"640\" height=\"423\" src=\"http:\/\/www.von-den-ohrewiesen.de\/wp-content\/uploads\/2024\/02\/Jodi-von-den-Ohrewiesen.jpg\" alt=\"\" class=\"wp-image-87 size-full\" srcset=\"https:\/\/www.von-den-ohrewiesen.de\/wp-content\/uploads\/2024\/02\/Jodi-von-den-Ohrewiesen.jpg 640w, https:\/\/www.von-den-ohrewiesen.de\/wp-content\/uploads\/2024\/02\/Jodi-von-den-Ohrewiesen-300x198.jpg 300w\" sizes=\"auto, (max-width: 640px) 100vw, 640px\" \/><\/figure><\/div>\n\n\n\n<div class=\"wp-block-media-text is-stacked-on-mobile is-vertically-aligned-center\"><figure class=\"wp-block-media-text__media\"><img loading=\"lazy\" decoding=\"async\" width=\"640\" height=\"423\" src=\"http:\/\/www.von-den-ohrewiesen.de\/wp-content\/uploads\/2024\/02\/Forest-Eyes-Xanti-.jpg\" alt=\"\" class=\"wp-image-89 size-full\" srcset=\"https:\/\/www.von-den-ohrewiesen.de\/wp-content\/uploads\/2024\/02\/Forest-Eyes-Xanti-.jpg 640w, https:\/\/www.von-den-ohrewiesen.de\/wp-content\/uploads\/2024\/02\/Forest-Eyes-Xanti--300x198.jpg 300w\" sizes=\"auto, (max-width: 640px) 100vw, 640px\" \/><\/figure><div class=\"wp-block-media-text__content\">\n<p>Kater<\/p>\n\n\n\n<p>Hier geht es zu den Herren des Hauses. Sie verstehen sich super gut und freuen sich jeden Tag aufs Neue auf Ihre&#8220; Kuscheleinheiten&#8220;. Sie bewohnen ein beheiztes gro\u00dfz\u00fcgig gebautes Holzhaus. Es besteht aus zwei Zimmern, die mit einer T\u00fcr verbunden sind. Die Zwischent\u00fcr ist fast immer offen, wodurch ein gro\u00dfer Raum entsteht. Sie haben einen Wintergarten mit Zugang zu einem h\u00fcbsch und Katergerecht gestalteten Aussengehege. <\/p>\n<\/div><\/div>\n\n\n\n<p class=\"has-text-align-center has-vivid-red-color has-text-color has-link-color wp-elements-665694dc7e0dd94260128b558157112d\"><strong>Unsere Kater stehen nur unseren eigenen Damen zur Verf\u00fcgung !<\/strong><\/p>\n\n\n\n<hr class=\"wp-block-separator has-alpha-channel-opacity\"\/>\n\n\n\n<div class=\"wp-block-media-text has-media-on-the-right is-stacked-on-mobile\"><div class=\"wp-block-media-text__content\">\n<p>Youngster<\/p>\n\n\n\n<p>Man darf die Zukunft nicht aus den Augen verlieren. F\u00fcr jede Zucht ist ein gesunder dem Rassestandart entspechender Nachwuch wichtig. Darum behalten wir von Zeit zu Zeit aus unserer eigenen Nachzucht vielversprechende Kitten oder Erwerben bei renomierten Z\u00fcchtern zu diesem Zweck sowie zur Auffrischung der Zuchtlinien Jungtiere. Mit einem Klick gelangt Ihr zu unserer &#8222;Nachwuchsliga&#8220;<\/p>\n<\/div><figure class=\"wp-block-media-text__media\"><img loading=\"lazy\" decoding=\"async\" width=\"320\" height=\"213\" src=\"http:\/\/www.von-den-ohrewiesen.de\/wp-content\/uploads\/2024\/02\/Youngster.jpg\" alt=\"\" class=\"wp-image-90 size-full\" srcset=\"https:\/\/www.von-den-ohrewiesen.de\/wp-content\/uploads\/2024\/02\/Youngster.jpg 320w, https:\/\/www.von-den-ohrewiesen.de\/wp-content\/uploads\/2024\/02\/Youngster-300x200.jpg 300w, https:\/\/www.von-den-ohrewiesen.de\/wp-content\/uploads\/2024\/02\/Youngster-272x182.jpg 272w\" sizes=\"auto, (max-width: 320px) 100vw, 320px\" \/><\/figure><\/div>\n\n\n\n<hr class=\"wp-block-separator has-alpha-channel-opacity\"\/>\n\n\n\n<p>Und hier k\u00f6nnt Ihr Euch selbst ein Bild von der Unterbringung unserer Katzen machen. Wir haben es in 5 Kategorien unterteilt   <\/p>\n\n\n\n<div class=\"wp-block-columns is-layout-flex wp-container-core-columns-is-layout-9d6595d7 wp-block-columns-is-layout-flex\">\n<div class=\"wp-block-column is-layout-flow wp-block-column-is-layout-flow\" style=\"flex-basis:100%\">\n<figure class=\"wp-block-table\"><table><tbody><tr><td><img decoding=\"async\" src=\"http:\/\/www.von-den-ohrewiesen.de\/wp-content\/uploads\/2024\/02\/Kratzbaum.jpg\" alt=\"\"><\/td><td><img decoding=\"async\" src=\"http:\/\/www.von-den-ohrewiesen.de\/wp-content\/uploads\/2024\/02\/Terasse-1.jpg\" alt=\"\"><\/td><td><img decoding=\"async\" src=\"http:\/\/www.von-den-ohrewiesen.de\/wp-content\/uploads\/2024\/02\/Alles-1-1.jpg\" alt=\"\"><\/td><td><br><\/td><td><img decoding=\"async\" src=\"http:\/\/www.von-den-ohrewiesen.de\/wp-content\/uploads\/2024\/02\/Katerhaus-1-1.jpg\" alt=\"\"><\/td><td><img decoding=\"async\" src=\"http:\/\/www.von-den-ohrewiesen.de\/wp-content\/uploads\/2024\/02\/Innen-1-1.jpg\" alt=\"\"><\/td><\/tr><\/tbody><\/table><\/figure>\n<\/div>\n<\/div>\n\n\n\n<figure class=\"wp-block-gallery has-nested-images columns-default is-cropped wp-block-gallery-1 is-layout-flex wp-block-gallery-is-layout-flex\"><\/figure>\n","protected":false},"excerpt":{"rendered":"<p>Ihr m\u00f6chtet doch nicht &#8220; Die Katze im Sack kaufen&#8220; \ud83e\udd14 Hier m\u00f6chte ich Euch meine Cattery vorstellen. So k\u00f6nnt Ihr Euch selbst ein Bild von meinen Katzen und Deren Unterbringung machen. Ich m\u00f6chte Euch unsere Kater, die Katzen und unsere Zukunft, die Youngster&#8217;s vorstellen. Hier geht es zum Rasseportrait der NFO Katzen Ein kleiner [&hellip;]<\/p>\n","protected":false},"author":3,"featured_media":0,"parent":0,"menu_order":0,"comment_status":"closed","ping_status":"closed","template":"","meta":{"footnotes":""},"class_list":["post-83","page","type-page","status-publish","hentry","post"],"_links":{"self":[{"href":"https:\/\/www.von-den-ohrewiesen.de\/index.php?rest_route=\/wp\/v2\/pages\/83","targetHints":{"allow":["GET"]}}],"collection":[{"href":"https:\/\/www.von-den-ohrewiesen.de\/index.php?rest_route=\/wp\/v2\/pages"}],"about":[{"href":"https:\/\/www.von-den-ohrewiesen.de\/index.php?rest_route=\/wp\/v2\/types\/page"}],"author":[{"embeddable":true,"href":"https:\/\/www.von-den-ohrewiesen.de\/index.php?rest_route=\/wp\/v2\/users\/3"}],"replies":[{"embeddable":true,"href":"https:\/\/www.von-den-ohrewiesen.de\/index.php?rest_route=%2Fwp%2Fv2%2Fcomments&post=83"}],"version-history":[{"count":8,"href":"https:\/\/www.von-den-ohrewiesen.de\/index.php?rest_route=\/wp\/v2\/pages\/83\/revisions"}],"predecessor-version":[{"id":168,"href":"https:\/\/www.von-den-ohrewiesen.de\/index.php?rest_route=\/wp\/v2\/pages\/83\/revisions\/168"}],"wp:attachment":[{"href":"https:\/\/www.von-den-ohrewiesen.de\/index.php?rest_route=%2Fwp%2Fv2%2Fmedia&parent=83"}],"curies":[{"name":"wp","href":"https:\/\/api.w.org\/{rel}","templated":true}]}}