{"id":3,"date":"2024-01-18T18:54:29","date_gmt":"2024-01-18T18:54:29","guid":{"rendered":"http:\/\/wp.von-den-ohrewiesen.de\/?page_id=3"},"modified":"2024-02-04T19:19:38","modified_gmt":"2024-02-04T19:19:38","slug":"privacy-policy","status":"publish","type":"page","link":"https:\/\/www.von-den-ohrewiesen.de\/?page_id=3","title":{"rendered":"Privacy Policy &#8211; Datenschutzerkl\u00e4rung"},"content":{"rendered":"\n<p><strong>Anbieter und verantwortliche Stelle im Sinne des Datenschutzgesetzes<\/strong><\/p>\n\n\n\n<p>von den Ohrewiesen<br>Carmen &amp; Mike Willecke<br>Kastanienweg 3<br>39326 Hohe B\u00f6rde, OT Hermsdorf<\/p>\n\n\n\n<h2 class=\"wp-block-heading\"><strong>Geltungsbereich<\/strong><\/h2>\n\n\n\n<p>Nutzer erhalten mit dieser Datenschutzerkl\u00e4rung Information \u00fcber die Art, den Umfang und Zweck der Erhebung und Verwendung ihrer Daten durch den verantwortlichen Anbieter erhoben und verwendet werden.<\/p>\n\n\n\n<p>Den rechtlichen Rahmen f\u00fcr den Datenschutz bilden das Bundesdatenschutzgesetz (BDSG) und das Telemediengesetz (TMG).<\/p>\n\n\n\n<h2 class=\"wp-block-heading\"><strong>Erfassung allgemeiner Informationen<\/strong><\/h2>\n\n\n\n<p>Mit jedem Zugriff auf dieses Angebot werden durch uns bzw. den Webspace-Provider automatisch Informationen erfasst. Diese Informationen, auch als Server-Logfiles bezeichnet, sind allgemeiner Natur und erlauben keine R\u00fcckschl\u00fcsse auf Ihre Person.<\/p>\n\n\n\n<p>Erfasst werden unter anderem: Name der Webseite, Datei, Datum, Datenmenge, Webbrowser und Webbrowser-Version, Betriebssystem, der Domainname Ihres Internet-Providers, die sogenannte Referrer-URL (jene Seite, von der aus Sie auf unser Angebot zugegriffen haben) und die IP-Adresse.<\/p>\n\n\n\n<p>Ohne diese Daten w\u00e4re es technisch teils nicht m\u00f6glich, die Inhalte der Webseite auszuliefern und darzustellen. Insofern ist die Erfassung der Daten zwingend notwendig. Dar\u00fcber hinaus verwenden wir die anonymen Informationen f\u00fcr statistische Zwecke. Sie helfen uns bei der Optimierung des Angebots und der Technik. Wir behalten uns zudem das Recht vor, die Log-Files bei Verdacht auf eine rechtswidrige Nutzung unseres Angebotes nachtr\u00e4glich zu kontrollieren.<\/p>\n\n\n\n<h2 class=\"wp-block-heading\"><strong>Kommentarfunktion<\/strong><\/h2>\n\n\n\n<p>Werden Kommentare oder sonstige Beitr\u00e4ge auf unserem Angebot verfasst und ver\u00f6ffentlicht, speichern wir die IP-Adresse, den Nutzernamen und den Zeitpunkt der Erstellung. Diese Daten werden aus Sicherheitsgr\u00fcnden erhoben, da der Anbieter f\u00fcr rechtswidrige Inhalte (verbotene Propaganda, Beleidigungen u.a.) belangt werden kann, auch wenn sie von dritter Seite erstellt wurden. In einem solchen Fall dienen die Informationen dazu, die Identit\u00e4t des Verfassers zu ermitteln.<\/p>\n\n\n\n<h2 class=\"wp-block-heading\"><strong>Kontaktformular<\/strong><\/h2>\n\n\n\n<p>Wenn Sie uns \u00fcber das Onlineformular oder per E-Mail kontaktieren, speichern wir die von Ihnen gemachten Angaben, um Ihre Anfrage beantworten und m\u00f6gliche Anschlussfragen stellen zu k\u00f6nnen.<\/p>\n\n\n\n<h2 class=\"wp-block-heading\"><strong>Facebook Social Plug-in<\/strong><\/h2>\n\n\n\n<p>Wir binden auf unseren Webseiten Plug-ins des sozialen Netzwerks Facebook (Anschrift: 1601 South California Avenue, Palo Alto, CA 94304, USA) ein. Sie erkennen die Plug-ins &#8211; eine \u00dcbersicht finden Sie hier: <a href=\"http:\/\/developers.facebook.com\/docs\/plugins\/\">http:\/\/developers.facebook.com\/docs\/Plug-ins\/<\/a> &#8211; am Like-Button (Gef\u00e4llt mir) oder am Logo von Facebook.<\/p>\n\n\n\n<p>Rufen Sie eine unserer Webseiten mit Facebook Plug-in auf, wird eine direkte Verbindung mit Facebook aufgebaut. Auf die Art und den Umfang der Daten, die dabei von Facebook erhoben, gespeichert und verarbeitet werden, haben wir keinen Einfluss. Wir k\u00f6nnen Sie lediglich entsprechend unseres Kenntnisstandes informieren.<\/p>\n\n\n\n<p>Facebook wird \u00fcber das Plug-in informiert, dass Sie die entsprechende Webseite unseres Angebots aufgerufen haben. Das gilt auch f\u00fcr Nutzer, die nicht bei Facebook registriert sind. In dem Fall besteht die M\u00f6glichkeit, dass Facebook die IP-Adresse speichert.<\/p>\n\n\n\n<p>Sind Sie Mitglied bei Facebook und eingeloggt, kann der Aufruf einer Webseite mit Facebook Plug-in Ihrem Nutzerkonto bei Facebook eindeutig zugeordnet werden. Dar\u00fcber hinaus \u00fcbermitteln die Plug-ins alle Interaktionen, wenn Sie zum Beispiel den Like-Button nutzen oder einen Kommentar hinterlassen.<\/p>\n\n\n\n<p>Um zu verhindern, dass Facebook Daten \u00fcber Sie speichert, loggen Sie sich vor dem Besuch unserer Webseiten bitte bei Facebook aus. Sie k\u00f6nnen die Plug-ins dar\u00fcber hinaus mit Add-ons f\u00fcr den Browser blocken (zum Beispiel \u201eFacebook Blocker\u201c).<\/p>\n\n\n\n<p>Informationen zu den Datenschutzbestimmungen, dem Zweck und Umfang der Datenerfassung und Datenverarbeitung sowie den Einstellm\u00f6glichkeiten zum Schutz der Privatsph\u00e4re bei Facebook erhalten Sie hier: http:\/\/www.facebook.com\/privacy\/explanation.php.<\/p>\n\n\n\n<h2 class=\"wp-block-heading\"><strong>Datensparsamkeit<\/strong><\/h2>\n\n\n\n<p>Personenbezogene Daten speichern wir gem\u00e4\u00df den Grunds\u00e4tzen der Datenvermeidung und Datensparsamkeit nur so lange, wie es erforderlich ist oder vom Gesetzgeber her vorgeschrieben wird (gesetzliche Speicherfrist). Entf\u00e4llt der Zweck der erhobenen Informationen oder endet die Speicherfrist, sperren oder l\u00f6schen wir die Daten.<\/p>\n\n\n\n<h2 class=\"wp-block-heading\"><strong>Ihre Rechte auf Auskunft, Berichtigung, Sperre, L\u00f6schung und Widerspruch<\/strong><\/h2>\n\n\n\n<p>Sie haben das Recht, auf Antrag unentgeltlich eine Auskunft, \u00fcber die bei uns gespeicherten personenbezogenen Daten, anzufordern und\/oder eine Berichtigung, Sperrung oder L\u00f6schung zu verlangen. Ausnahmen: Es handelt sich um die vorgeschriebene Datenspeicherung zur Gesch\u00e4ftsabwicklung oder die Daten unterliegen der gesetzlichen Aufbewahrungspflicht.<\/p>\n\n\n\n<p>F\u00fcr diese Zwecke kontaktieren Sie bitte unseren Datenschutzbeauftragen (Kontaktdaten: am Ende der Datenschutzerkl\u00e4rung).<\/p>\n\n\n\n<p>Um eine Datensperre jederzeit ber\u00fccksichtigen zu k\u00f6nnen, ist es erforderlich, die Daten f\u00fcr Kontrollzwecke in einer Sperrdatei vorzuhalten. Besteht keine gesetzliche Archivierungspflicht, k\u00f6nnen Sie auch die L\u00f6schung der Daten verlangen. Anderenfalls sperren wir die Daten, sofern Sie dies w\u00fcnschen.<\/p>\n\n\n\n<h2 class=\"wp-block-heading\"><strong>\u00c4nderung unserer Datenschutzerkl\u00e4rung<\/strong><\/h2>\n\n\n\n<p>Um zu gew\u00e4hrleisten, dass unsere Datenschutzerkl\u00e4rung stets den aktuellen gesetzlichen Vorgaben entspricht, behalten wir uns jederzeit \u00c4nderungen vor. Das gilt auch f\u00fcr den Fall, dass die Datenschutzerkl\u00e4rung aufgrund neuer oder \u00fcberarbeiteter Leistungen, zum Beispiel neuer Serviceleistungen, angepasst werden muss. Die neue Datenschutzerkl\u00e4rung greift dann bei Ihrem n\u00e4chsten Besuch auf unserem Angebot.<\/p>\n\n\n\n<p><small>Quelle: Datenschutz-Konfigurator von <a href=\"http:\/\/www.mein-datenschutzbeauftragter.de\" target=\"_blank\" rel=\"noreferrer noopener\">mein-datenschutzbeauftragter.de<\/a><\/small><\/p>\n\n\n\n<p><\/p>\n\n\n\n<p><\/p>\n\n\n\n<p><\/p>\n\n\n\n<p><\/p>\n\n\n\n<p><\/p>\n\n\n\n<p><\/p>\n","protected":false},"excerpt":{"rendered":"<p>Anbieter und verantwortliche Stelle im Sinne des Datenschutzgesetzes von den OhrewiesenCarmen &amp; Mike WilleckeKastanienweg 339326 Hohe B\u00f6rde, OT Hermsdorf Geltungsbereich Nutzer erhalten mit dieser Datenschutzerkl\u00e4rung Information \u00fcber die Art, den Umfang und Zweck der Erhebung und Verwendung ihrer Daten durch den verantwortlichen Anbieter erhoben und verwendet werden. Den rechtlichen Rahmen f\u00fcr den Datenschutz bilden das [&hellip;]<\/p>\n","protected":false},"author":3,"featured_media":0,"parent":0,"menu_order":0,"comment_status":"closed","ping_status":"open","template":"","meta":{"footnotes":""},"class_list":["post-3","page","type-page","status-publish","hentry","post"],"_links":{"self":[{"href":"https:\/\/www.von-den-ohrewiesen.de\/index.php?rest_route=\/wp\/v2\/pages\/3","targetHints":{"allow":["GET"]}}],"collection":[{"href":"https:\/\/www.von-den-ohrewiesen.de\/index.php?rest_route=\/wp\/v2\/pages"}],"about":[{"href":"https:\/\/www.von-den-ohrewiesen.de\/index.php?rest_route=\/wp\/v2\/types\/page"}],"author":[{"embeddable":true,"href":"https:\/\/www.von-den-ohrewiesen.de\/index.php?rest_route=\/wp\/v2\/users\/3"}],"replies":[{"embeddable":true,"href":"https:\/\/www.von-den-ohrewiesen.de\/index.php?rest_route=%2Fwp%2Fv2%2Fcomments&post=3"}],"version-history":[{"count":1,"href":"https:\/\/www.von-den-ohrewiesen.de\/index.php?rest_route=\/wp\/v2\/pages\/3\/revisions"}],"predecessor-version":[{"id":13,"href":"https:\/\/www.von-den-ohrewiesen.de\/index.php?rest_route=\/wp\/v2\/pages\/3\/revisions\/13"}],"wp:attachment":[{"href":"https:\/\/www.von-den-ohrewiesen.de\/index.php?rest_route=%2Fwp%2Fv2%2Fmedia&parent=3"}],"curies":[{"name":"wp","href":"https:\/\/api.w.org\/{rel}","templated":true}]}}